{"id":854,"date":"2025-05-20T08:51:08","date_gmt":"2025-05-20T08:51:08","guid":{"rendered":"https:\/\/reif-infra.creare-siteweb.ro\/?page_id=854"},"modified":"2025-06-26T10:25:56","modified_gmt":"2025-06-26T10:25:56","slug":"protectia-datelor-infra","status":"publish","type":"page","link":"https:\/\/reif-infra.ro\/de\/protectia-datelor-infra\/","title":{"rendered":"Datenschutz"},"content":{"rendered":"<div data-elementor-type=\"wp-page\" data-elementor-id=\"854\" class=\"elementor elementor-854\" data-elementor-post-type=\"page\">\n\t\t\t\t<div class=\"elementor-element elementor-element-c952129 e-flex e-con-boxed e-con e-parent\" data-id=\"c952129\" data-element_type=\"container\" data-settings=\"{&quot;background_background&quot;:&quot;classic&quot;,&quot;_ob_use_container_extras&quot;:&quot;no&quot;,&quot;_ob_column_hoveranimator&quot;:&quot;no&quot;,&quot;_ob_glider_is_slider&quot;:&quot;no&quot;,&quot;_ob_column_has_pseudo&quot;:&quot;no&quot;}\">\n\t\t\t\t\t<div class=\"e-con-inner\">\n\t\t<div class=\"elementor-element elementor-element-8f47391 e-con-full e-flex e-con e-child\" data-id=\"8f47391\" data-element_type=\"container\" data-settings=\"{&quot;_ob_use_container_extras&quot;:&quot;no&quot;,&quot;_ob_column_hoveranimator&quot;:&quot;no&quot;,&quot;_ob_glider_is_slider&quot;:&quot;no&quot;,&quot;_ob_column_has_pseudo&quot;:&quot;no&quot;}\">\n\t\t\t\t<div class=\"elementor-element elementor-element-797efc7 ob-harakiri-inherit ob-has-background-overlay elementor-widget elementor-widget-heading\" data-id=\"797efc7\" data-element_type=\"widget\" data-settings=\"{&quot;_ob_use_harakiri&quot;:&quot;yes&quot;,&quot;_ob_harakiri_writing_mode&quot;:&quot;inherit&quot;,&quot;_ob_harakiri_text_clip&quot;:&quot;none&quot;,&quot;_ob_perspektive_use&quot;:&quot;no&quot;,&quot;_ob_poopart_use&quot;:&quot;yes&quot;,&quot;_ob_shadough_use&quot;:&quot;no&quot;,&quot;_ob_allow_hoveranimator&quot;:&quot;no&quot;,&quot;_ob_widget_stalker_use&quot;:&quot;no&quot;}\" data-widget_type=\"heading.default\">\n\t\t\t\t<div class=\"elementor-widget-container\">\n\t\t\t\t\t<h1 class=\"elementor-heading-title elementor-size-default\">Datenschutz<\/h1>\t\t\t\t<\/div>\n\t\t\t\t<\/div>\n\t\t\t\t<div class=\"elementor-element elementor-element-ca1fa23 ob-harakiri-inherit ob-has-background-overlay elementor-widget elementor-widget-text-editor\" data-id=\"ca1fa23\" data-element_type=\"widget\" data-settings=\"{&quot;_ob_use_harakiri&quot;:&quot;yes&quot;,&quot;_ob_harakiri_writing_mode&quot;:&quot;inherit&quot;,&quot;_ob_postman_use&quot;:&quot;no&quot;,&quot;_ob_perspektive_use&quot;:&quot;no&quot;,&quot;_ob_poopart_use&quot;:&quot;yes&quot;,&quot;_ob_shadough_use&quot;:&quot;no&quot;,&quot;_ob_allow_hoveranimator&quot;:&quot;no&quot;,&quot;_ob_widget_stalker_use&quot;:&quot;no&quot;}\" data-widget_type=\"text-editor.default\">\n\t\t\t\t<div class=\"elementor-widget-container\">\n\t\t\t\t\t\t\t\t\t<div class=\"translation-block\"><ol>\n \t<li><strong>Name und Kontaktdaten des f\u00fcr die Verarbeitung Verantwortlichen sowie des betrieblichen Datenschutzbeauftragten<\/strong><\/li>\n<\/ol>\n<br \/>\n<strong>Verantwortlicher:<\/strong>\n<br \/>REIF Infra S.R.L.<br \/>\nStr. Iugoslaviei 64 A<br \/>\nAp. 3\u20134, RO \u2013 400423,<br \/>\nCluj-Napoca<br \/>\n\nTel: +40 (264) 406-066<br \/>\nFax: +40 (264) 432-425<br \/>\n<br \/>\nUnser betrieblicher Datenschutzbeauftragter ist unter der o.g. Anschrift bzw. unter datenschutz@reif-bau.de erreichbar.\n<ol start=\"2\">\n<br \/><br \/>\n \t<li><strong>Erhebung und Speicherung personenbezogener Daten sowie Art und Zweck von deren Verwendung<\/strong><\/li>\n<\/ol>\n<strong>Beim Besuch der Website<br \/><\/strong>\nBeim Aufrufen unserer Website sendet der auf Ihrem Endger\u00e4t verwendete Browser automatisch Informationen an den Server unserer Website. Diese Informationen werden tempor\u00e4r in sogenannten Logfiles gespeichert. Folgende Informationen werden dabei ohne Ihr Zutun erfasst und bis zur automatisierten L\u00f6schung gespeichert:\n<ul>\n \t<li>Name der abgerufenen Datei<\/li>\n \t<li>Datum und Uhrzeit des Abrufs<\/li>\n \t<li>\u00dcbertragene Datenmenge<\/li>\n \t<li>Meldung \u00fcber erfolgreichen Abruf<\/li>\n \t<li>Beschreibung des verwendeten Browsertyps<\/li>\n \t<li>Verwendetes Betriebssystem<\/li>\n \t<li>Zuvor besuchte Seite<\/li>\n \t<li>Internet-Service-Provider<\/li>\n \t<li>Ihre IP-Adresse<\/li>\n<\/ul><br \/><br \/>\n<strong>Diese Daten werden von uns zu folgenden Zwecken verarbeitet:<\/strong>\n<ul>\n \t<li>Gew\u00e4hrleistung eines reibungslosen Verbindungsaufbaus der Website<\/li>\n \t<li>Gew\u00e4hrleistung einer komfortablen Nutzung unserer Website<\/li>\n \t<li>Auswertung der Systemsicherheit und -stabilit\u00e4t sowie<\/li>\n \t<li>zu weiteren administrativen Zwecken<\/li>\n<\/ul>\nDie Rechtsgrundlage f\u00fcr die Datenverarbeitung ist Art. 6 Abs. 1 lit. f DSGVO. Unser berechtigtes Interesse folgt aus den oben aufgelisteten Zwecken zur Datenerhebung. In keinem Fall verwenden wir die erhobenen Daten zu dem Zweck, R\u00fcckschl\u00fcsse auf Ihre Person zu ziehen.\n\nBeim Besuch unserer Website setzen wir au\u00dferdem Cookies sowie Analyse- und Marketingdienste ein. Einzelheiten dazu finden Sie in den Abschnitten 4\u20136 dieser Datenschutzerkl\u00e4rung.\n<br \/><br \/>\n\u00a0\n<ol start=\"3\">\n \t<li><strong>Weitergabe von Daten<br \/><\/strong>\nIhre personenbezogenen Daten werden nicht an Dritte zu anderen als den im Folgenden aufgef\u00fchrten Zwecken \u00fcbermittelt.<\/li>\n<\/ol>\n<strong>Wir geben Ihre personenbezogenen Daten nur an Dritte weiter, wenn:<\/strong>\n<ul>\n \t<li>Sie Ihre ausdr\u00fcckliche Einwilligung gem\u00e4\u00df Art. 6 Abs. 1 lit. a DSGVO erteilt haben,<\/li>\n \t<li>die Weitergabe nach Art. 6 Abs. 1 lit. f DSGVO zur Wahrung unserer berechtigten Interessen erforderlich ist und kein Grund zur Annahme besteht, dass Sie ein \u00fcberwiegendes schutzw\u00fcrdiges Interesse an der Nichtweitergabe Ihrer Daten haben,<\/li>\n \t<li>f\u00fcr die Weitergabe eine gesetzliche Verpflichtung gem\u00e4\u00df Art. 6 Abs. 1 lit. c DSGVO besteht, oder<\/li>\n \t<li>dies gesetzlich zul\u00e4ssig und nach Art. 6 Abs. 1 lit. b DSGVO f\u00fcr die Abwicklung von Vertragsverh\u00e4ltnissen mit Ihnen erforderlich ist.<\/li>\n<\/ul>\n\u00a0\n<ol start=\"4\">\n \t<li><strong>Cookies<br \/><\/strong>\nIn einigen Bereichen unserer Website verwenden wir sogenannte Cookies. Durch solche Dateien kann Ihr Computer w\u00e4hrend Ihres Besuchs als technische Einheit identifiziert werden, um Ihnen die Nutzung unseres Angebots \u2013 auch bei wiederholtem Besuch \u2013 zu erleichtern.<\/li>\n<\/ol>\nSie k\u00f6nnen Ihren Browser in der Regel so einstellen, dass Sie \u00fcber das Setzen von Cookies informiert werden und einzeln \u00fcber deren Annahme entscheiden oder die Annahme von Cookies generell ausschlie\u00dfen bzw. bereits gesetzte Cookies l\u00f6schen.\n\nBitte nutzen Sie die Hilfefunktion Ihres Browsers, um zu erfahren, wie Sie diese Einstellungen \u00e4ndern k\u00f6nnen. Wir weisen darauf hin, dass bestimmte Funktionen unserer Website m\u00f6glicherweise nicht funktionieren, wenn Sie die Verwendung von Cookies deaktiviert haben.\n\nCookies erm\u00f6glichen es einem Server nicht, private Daten von Ihrem Computer oder die von einem anderen Server erstellten Daten zu lesen. Cookies verursachen keine Sch\u00e4den an Ihrem Computer und enthalten keine Viren.\n\nDie Verwendung von Cookies durch uns basiert auf Art. 6 Abs. 1 lit. f DSGVO: Die Verarbeitung erfolgt zur Verbesserung der Funktionalit\u00e4t unserer Website und dient somit der Wahrung unserer berechtigten Interessen.\n<ol start=\"5\">\n<br \/><br \/>\n \t<li><strong>Bewerbungen<\/strong><\/li>\n \t<li>Beschreibung der Datenverarbeitung<\/li>\n<\/ol>\n\u00dcber unsere Online-Karrierefunktion k\u00f6nnen Sie sich \u00fcber die offenen Stellen informieren und sich online bewerben. Dazu m\u00fcssen Sie als Pflichtfelder Vornamen, Nachnamen, E-Mail-Adresse sowie als freiwillige Angabe Anrede, Titel, Geburtsdatum, Anschrift sowie Ihre Telefonnummer angeben. Als weitere Pflichtangaben ben\u00f6tigen wir das Upload Ihres Lebenslaufes. Weiter k\u00f6nnen Sie uns freiwillig in Ihren Upload-Dokumenten noch mitteilen, welchem Unternehmensbereich Ihr Interesse gilt, den fr\u00fchestm\u00f6glichen Eintrittstermin und Ihre Gehaltsvorstellungen sowie Ihr Bewerbungsbild hochladen.\n\nIhre Daten werden verschl\u00fcsselt an die REIF Bauunternehmung GmbH &amp; Co. KG \u00fcbertragen und dann der Personalabteilung der REIF Bauunternehmung GmbH &amp; Co. KG zur Verf\u00fcgung gestellt.\n\n\u00a0\n<ol>\n \t<li>Verarbeitungszweck und Rechtsgrundlage<\/li>\n<\/ol>\nIhre Daten werden zur Bewerbungsabwicklung verarbeitet. Auf der Grundlage der von Ihnen online \u00fcbermittelten Daten treffen wir eine Vorauswahl f\u00fcr die Besetzung der Stelle. Die Rechtsgrundlage f\u00fcr die Verarbeitung der Daten ist Art. 88 Abs. 1 DSGVO i.V.m. \u00a7 26 Abs. 1 BDSG.\n\n\u00a0\n<ol>\n \t<li>Dauer der Speicherung<\/li>\n<\/ol>\nWenn wir Sie bei der Stellenbesetzung nicht ber\u00fccksichtigen k\u00f6nnen, werden Sie \u00fcber E-Mail informiert. Eine Anonymisierung der Daten erfolgt dann innerhalb von, bzw. sp\u00e4testens nach 6 Monaten.\n\nSoweit es zu einem Besch\u00e4ftigungsverh\u00e4ltnis zwischen Ihnen und uns kommt, l\u00f6schen wir die Daten aus Ihrem Bewerbungsverfahren nicht vollst\u00e4ndig, sondern nehmen diese im erforderlichen Umfang zu Ihrer Personalakte. Wir verarbeiten diese sodann zum Zwecke der Durchf\u00fchrung des Besch\u00e4ftigungsverh\u00e4ltnisses. Hier\u00fcber werden wir Sie sodann in gesonderter Form genauer informieren.\n\n\u00a0<br \/><br \/>\n<ol start=\"6\">\n \t<li><strong>Betroffenenrechte<\/strong><\/li>\n<\/ol>\nIhnen stehen die nachfolgenden Betroffenenrechte zu:\n<ol>\n \t<li><strong> Auskunftsrecht<\/strong><\/li>\n<\/ol>\nSie haben das Recht, von uns eine Best\u00e4tigung dar\u00fcber zu verlangen, ob Sie betreffende personenbezogene Daten verarbeitet werden.\n<ol>\n \t<li><strong> Berichtigung\/L\u00f6schung\/Einschr\u00e4nkung der Verarbeitung<\/strong><\/li>\n<\/ol>\nDes Weiteren haben Sie das Recht, von uns zu verlangen, dass\n<ul>\n \t<li>Sie betreffende unrichtige personenbezogene Daten unverz\u00fcglich berichtigt werden (Recht auf Berichtigung);<\/li>\n \t<li>Sie betreffende personenbezogene Daten unverz\u00fcglich gel\u00f6scht werden (Recht auf L\u00f6schung) und<\/li>\n \t<li>die Verarbeitung eingeschr\u00e4nkt wird (Recht auf Einschr\u00e4nken der Verarbeitung).<\/li>\n<\/ul>\n<ol>\n \t<li>Recht auf Daten\u00fcbertragbarkeit<\/li>\n<\/ol>\nSie haben das Recht, Sie betreffende personenbezogene Daten, die Sie uns bereitgestellt haben, in einem strukturierten, g\u00e4ngigen und maschinenlesbaren Format zu erhalten und diese Daten einem anderen Verantwortlichen zu \u00fcbermitteln.\n<ol>\n \t<li><strong> Widerrufsrecht<\/strong><\/li>\n<\/ol>\nSie haben das Recht, Ihre Einwilligung jederzeit zu widerrufen. Durch den Widerruf der Einwilligung wird die Rechtm\u00e4\u00dfigkeit der aufgrund der Einwilligung bis zum Widerruf erfolgten Verarbeitung nicht ber\u00fchrt.\n\n\u00a0\n<ol>\n \t<li><strong> Widerspruchsrecht<\/strong><\/li>\n<\/ol>\nIst die Verarbeitung Sie betreffender personenbezogener Daten f\u00fcr die Wahrnehmung einer Aufgabe, die im \u00f6ffentlichen Interesse liegt (Art. 6 Abs. 1 Buchst. e) DSGVO) oder zur Wahrung unserer berechtigten Interessen (Art. 6 Abs. 1 Buchst. f) DSGVO) erforderlich, steht Ihnen ein Widerspruchsrecht zu.\n<ol>\n \t<li><strong> Beschwerderecht<\/strong><\/li>\n<\/ol>\nSind Sie der Ansicht, dass die Verarbeitung der Sie betreffenden personenbezogenen Daten gegen die DSGVO verst\u00f6\u00dft, haben Sie unbeschadet anderweitiger Rechtsbehelfe das Recht auf Beschwerde bei einer Aufsichtsbeh\u00f6rde.\n\n\u00a0<br \/><br \/>\n<ol start=\"7\">\n \t<li><strong>\u00c4nderung der Datenschutzerkl\u00e4rung<\/strong><\/li>\n<\/ol>\nWir behalten uns vor, diese Datenschutzerkl\u00e4rung bei einer etwaigen \u00c4nderung der Rechtslage, des Dienstes sowie der Datenverarbeitung anzupassen. Dies gilt jedoch nur im Hinblick auf Erkl\u00e4rungen zur Datenverarbeitung. Sofern Einwilligungen der Nutzer erforderlich sind oder Bestandteile der Datenschutzerkl\u00e4rung Regelungen des Vertragsverh\u00e4ltnisses mit den Nutzern enthalten, erfolgen die \u00c4nderungen nur mit Zustimmung der Nutzer.\n\nNutzer k\u00f6nnen sich \u00fcber etwaige \u00c4nderungen regelm\u00e4\u00dfig in dieser Datenschutzerkl\u00e4rung informieren.<\/div>\t\t\t\t\t\t\t\t<\/div>\n\t\t\t\t<\/div>\n\t\t\t\t<\/div>\n\t\t\t\t\t<\/div>\n\t\t\t\t<\/div>\n\t\t\t\t<\/div>","protected":false},"excerpt":{"rendered":"<p>Protec\u021bia datelor Numele \u0219i datele de contact ale operatorului responsabil cu prelucrarea datelor, precum \u0219i ale responsabilului cu protec\u021bia datelor Operator responsabil: REIF Infra S.R.L. Str. Iugoslaviei nr. 64A Ap. 3\u20134, RO \u2013 400423, Cluj-Napoca Tel: +40 (264) 406-066 Fax: +40 (264) 432-425 Responsabilul nostru cu protec\u021bia datelor poate fi contactat la adresa de mai [&hellip;]<\/p>","protected":false},"author":1,"featured_media":0,"parent":0,"menu_order":0,"comment_status":"closed","ping_status":"closed","template":"","meta":{"_acf_changed":false,"footnotes":""},"class_list":["post-854","page","type-page","status-publish","hentry"],"acf":[],"_links":{"self":[{"href":"https:\/\/reif-infra.ro\/de\/wp-json\/wp\/v2\/pages\/854","targetHints":{"allow":["GET"]}}],"collection":[{"href":"https:\/\/reif-infra.ro\/de\/wp-json\/wp\/v2\/pages"}],"about":[{"href":"https:\/\/reif-infra.ro\/de\/wp-json\/wp\/v2\/types\/page"}],"author":[{"embeddable":true,"href":"https:\/\/reif-infra.ro\/de\/wp-json\/wp\/v2\/users\/1"}],"replies":[{"embeddable":true,"href":"https:\/\/reif-infra.ro\/de\/wp-json\/wp\/v2\/comments?post=854"}],"version-history":[{"count":25,"href":"https:\/\/reif-infra.ro\/de\/wp-json\/wp\/v2\/pages\/854\/revisions"}],"predecessor-version":[{"id":2110,"href":"https:\/\/reif-infra.ro\/de\/wp-json\/wp\/v2\/pages\/854\/revisions\/2110"}],"wp:attachment":[{"href":"https:\/\/reif-infra.ro\/de\/wp-json\/wp\/v2\/media?parent=854"}],"curies":[{"name":"wp","href":"https:\/\/api.w.org\/{rel}","templated":true}]}}