{"id":20,"date":"2025-05-19T06:48:19","date_gmt":"2025-05-19T06:48:19","guid":{"rendered":"https:\/\/reif-infra.creare-siteweb.ro\/?page_id=20"},"modified":"2025-06-26T10:41:56","modified_gmt":"2025-06-26T10:41:56","slug":"politica-cookie","status":"publish","type":"page","link":"https:\/\/reif-infra.ro\/de\/politica-cookie\/","title":{"rendered":"Allgemeine Nutzungsbedingungen"},"content":{"rendered":"<div data-elementor-type=\"wp-page\" data-elementor-id=\"20\" class=\"elementor elementor-20\" data-elementor-post-type=\"page\">\n\t\t\t\t<div class=\"elementor-element elementor-element-c952129 e-flex e-con-boxed e-con e-parent\" data-id=\"c952129\" data-element_type=\"container\" data-settings=\"{&quot;background_background&quot;:&quot;classic&quot;,&quot;_ob_use_container_extras&quot;:&quot;no&quot;,&quot;_ob_column_hoveranimator&quot;:&quot;no&quot;,&quot;_ob_glider_is_slider&quot;:&quot;no&quot;,&quot;_ob_column_has_pseudo&quot;:&quot;no&quot;}\">\n\t\t\t\t\t<div class=\"e-con-inner\">\n\t\t<div class=\"elementor-element elementor-element-8f47391 e-con-full e-flex e-con e-child\" data-id=\"8f47391\" data-element_type=\"container\" data-settings=\"{&quot;_ob_use_container_extras&quot;:&quot;no&quot;,&quot;_ob_column_hoveranimator&quot;:&quot;no&quot;,&quot;_ob_glider_is_slider&quot;:&quot;no&quot;,&quot;_ob_column_has_pseudo&quot;:&quot;no&quot;}\">\n\t\t\t\t<div class=\"elementor-element elementor-element-797efc7 ob-harakiri-inherit ob-has-background-overlay elementor-widget elementor-widget-heading\" data-id=\"797efc7\" data-element_type=\"widget\" data-settings=\"{&quot;_ob_use_harakiri&quot;:&quot;yes&quot;,&quot;_ob_harakiri_writing_mode&quot;:&quot;inherit&quot;,&quot;_ob_harakiri_text_clip&quot;:&quot;none&quot;,&quot;_ob_perspektive_use&quot;:&quot;no&quot;,&quot;_ob_poopart_use&quot;:&quot;yes&quot;,&quot;_ob_shadough_use&quot;:&quot;no&quot;,&quot;_ob_allow_hoveranimator&quot;:&quot;no&quot;,&quot;_ob_widget_stalker_use&quot;:&quot;no&quot;}\" data-widget_type=\"heading.default\">\n\t\t\t\t<div class=\"elementor-widget-container\">\n\t\t\t\t\t<h1 class=\"elementor-heading-title elementor-size-default\">Allgemeine Nutzungsbedingungen<\/h1>\t\t\t\t<\/div>\n\t\t\t\t<\/div>\n\t\t\t\t<div class=\"elementor-element elementor-element-ca1fa23 ob-harakiri-inherit ob-has-background-overlay elementor-widget elementor-widget-text-editor\" data-id=\"ca1fa23\" data-element_type=\"widget\" data-settings=\"{&quot;_ob_use_harakiri&quot;:&quot;yes&quot;,&quot;_ob_harakiri_writing_mode&quot;:&quot;inherit&quot;,&quot;_ob_postman_use&quot;:&quot;no&quot;,&quot;_ob_perspektive_use&quot;:&quot;no&quot;,&quot;_ob_poopart_use&quot;:&quot;yes&quot;,&quot;_ob_shadough_use&quot;:&quot;no&quot;,&quot;_ob_allow_hoveranimator&quot;:&quot;no&quot;,&quot;_ob_widget_stalker_use&quot;:&quot;no&quot;}\" data-widget_type=\"text-editor.default\">\n\t\t\t\t<div class=\"elementor-widget-container\">\n\t\t\t\t\t\t\t\t\t<p><b>Nutzungsbedingungen der Website<\/b> <a href=\"https:\/\/reif-infra.ro\/de\/\">www.reif-infra.ro<\/a>. Zugang und Nutzung der Website <a href=\"https:\/\/reif-infra.ro\/de\/\">www.reif-infra.ro<\/a> setzt die Akzeptanz und Einhaltung der unten aufgef\u00fchrten Bedingungen voraus. Wir empfehlen Ihnen, diese Informationen vor der Nutzung der Website sorgf\u00e4ltig zu lesen.<\/p><ol><li class=\"translation-block\"><b>Annahme der Nutzungsbedingungen<\/b><\/li><\/ol><p>Durch den Zugriff und die Nutzung der Website <a href=\"https:\/\/reif-infra.ro\/de\/\">www.reif-infra.ro<\/a>, stimmen Sie diesen Bedingungen zu. Wenn Sie \u00fcber diese Website mit uns kommunizieren, stimmen Sie au\u00dferdem zu, Benachrichtigungen von REIF Infra S.R.L. zu erhalten.<\/p><ol start=\"2\"><li class=\"translation-block\"><b>Geistige Eigentumsrechte<\/b><\/li><\/ol><p>REIF Infra S.R.L. ist der alleinige Inhaber der geistigen Eigentumsrechte an den Inhalten der Site. <a href=\"https:\/\/reif-infra.ro\/de\/\">www.reif-infra.ro<\/a>, einschlie\u00dflich Design, Texte, Bilder, Logos und Marken. Benutzer sind verpflichtet, alle geistigen Eigentumsrechte des Unternehmens zu respektieren und sind nicht berechtigt, Material ohne ausdr\u00fcckliche Genehmigung der Rechteinhaber zu kopieren, zu reproduzieren oder zu verbreiten.<\/p><ol start=\"3\"><li class=\"translation-block\"><b>Richtigkeit der Informationen<\/b><\/li><\/ol><p>Obwohl wir uns st\u00e4ndig um die Richtigkeit der auf der Website angezeigten Informationen bem\u00fchen, \u00fcbernimmt REIF Infra S.R.L. keine Verantwortung f\u00fcr Softwarefehler oder technische St\u00f6rungen, die den Betrieb der Website beeintr\u00e4chtigen k\u00f6nnten. Die Informationen auf der Website k\u00f6nnen ohne vorherige Ank\u00fcndigung ge\u00e4ndert werden.<\/p><ol start=\"4\"><li class=\"translation-block\"><b>Datenschutz und Schutz personenbezogener Daten<\/b><\/li><\/ol><p>Wenn personenbezogene Daten abgefragt werden, werden diese ausschlie\u00dflich zur Kontaktaufnahme oder zur Erleichterung der Kommunikation verwendet. Die erhobenen Informationen werden gem\u00e4\u00df den geltenden Datenschutzgesetzen, einschlie\u00dflich der Verordnung (EU) 2016\/679 \u2013 DSGVO, elektronisch gespeichert und verarbeitet. REIF Infra S.R.L. verpflichtet sich, die Vertraulichkeit dieser Informationen zu wahren und sie nur f\u00fcr die genannten Zwecke zu verwenden.<\/p><ol start=\"5\"><li class=\"translation-block\"><b>Betrug und Datensicherheit<\/b><\/li><\/ol><p>Jeder Versuch eines unbefugten Zugriffs auf personenbezogene Daten anderer Nutzer, der Ver\u00e4nderung von Website-Inhalten oder der Beeintr\u00e4chtigung der Serverleistung wird als Betrug angesehen. Solche Handlungen f\u00fchren zur Einleitung rechtlicher Schritte und strafrechtlicher Ermittlungen gem\u00e4\u00df dem rum\u00e4nischen Recht.<\/p><ol start=\"6\"><li><b> <\/b><b>Streitigkeiten<\/b><\/li><\/ol><p>Streitigkeiten zwischen Nutzern und REIF Infra S.R.L. werden einvernehmlich beigelegt. Kommt keine g\u00fctliche Einigung zustande, ist die Zust\u00e4ndigkeit der Gerichte in Cluj-Napoca, Rum\u00e4nien, ma\u00dfgeblich.<\/p><ol start=\"7\"><li><b> <\/b><b>\u00c4nderung<\/b> <b>der Bedingungen<\/b> <b>und<\/b> <b>Konditionen<\/b><\/li><\/ol><p>REIF Infra S.R.L. beh\u00e4lt sich das Recht vor, diese Allgemeinen Gesch\u00e4ftsbedingungen sowie die Struktur der Site jederzeit zu \u00e4ndern. <a href=\"https:\/\/reif-infra.ro\/de\/\">www.reif-infra.ro<\/a>, ohne vorherige Ank\u00fcndigung. Alle \u00c4nderungen werden den Nutzern durch Aktualisierung des auf dieser Seite angezeigten Datums der letzten \u00c4nderung bekannt gegeben. Die fortgesetzte Nutzung der Website nach \u00c4nderungen gilt als Zustimmung zu diesen.<\/p><ol start=\"8\"><li class=\"translation-block\"><b>Annahme der Bedingungen<\/b><\/li><\/ol><p>Mit dem Zugriff auf und der Nutzung dieser Website erkl\u00e4ren Sie sich mit den oben genannten Bedingungen einverstanden und verpflichten sich zu deren Einhaltung. Wenn Sie mit diesen Bedingungen nicht einverstanden sind, bitten wir Sie, unsere Website nicht zu nutzen.<\/p><p class=\"translation-block\"><b>Vielen Dank!<\/b><\/p>\t\t\t\t\t\t\t\t<\/div>\n\t\t\t\t<\/div>\n\t\t\t\t<\/div>\n\t\t\t\t\t<\/div>\n\t\t\t\t<\/div>\n\t\t\t\t<\/div>","protected":false},"excerpt":{"rendered":"<p>Termeni \u0219i Condi\u021bii Termeni \u0219i Condi\u021bii de utilizare a siteului www.reif-infra.ro. Accesul \u0219i utilizarea site-ului www.reif-infra.ro implic\u0103 acceptarea \u0219i respectarea termenilor \u0219i condi\u021biilor detaliate mai jos. V\u0103 recomand\u0103m s\u0103 citi\u021bi cu aten\u021bie aceste informa\u021bii \u00eenainte de a utiliza site-ul. Acceptarea Termenilor \u0219i Condi\u021biilor Prin accesarea \u0219i utilizarea site-ului www.reif-infra.ro, sunte\u021bi de acord cu ace\u0219ti termeni [&hellip;]<\/p>","protected":false},"author":1,"featured_media":0,"parent":0,"menu_order":0,"comment_status":"closed","ping_status":"closed","template":"","meta":{"_acf_changed":false,"footnotes":""},"class_list":["post-20","page","type-page","status-publish","hentry"],"acf":[],"_links":{"self":[{"href":"https:\/\/reif-infra.ro\/de\/wp-json\/wp\/v2\/pages\/20","targetHints":{"allow":["GET"]}}],"collection":[{"href":"https:\/\/reif-infra.ro\/de\/wp-json\/wp\/v2\/pages"}],"about":[{"href":"https:\/\/reif-infra.ro\/de\/wp-json\/wp\/v2\/types\/page"}],"author":[{"embeddable":true,"href":"https:\/\/reif-infra.ro\/de\/wp-json\/wp\/v2\/users\/1"}],"replies":[{"embeddable":true,"href":"https:\/\/reif-infra.ro\/de\/wp-json\/wp\/v2\/comments?post=20"}],"version-history":[{"count":53,"href":"https:\/\/reif-infra.ro\/de\/wp-json\/wp\/v2\/pages\/20\/revisions"}],"predecessor-version":[{"id":2128,"href":"https:\/\/reif-infra.ro\/de\/wp-json\/wp\/v2\/pages\/20\/revisions\/2128"}],"wp:attachment":[{"href":"https:\/\/reif-infra.ro\/de\/wp-json\/wp\/v2\/media?parent=20"}],"curies":[{"name":"wp","href":"https:\/\/api.w.org\/{rel}","templated":true}]}}