{"id":16,"date":"2025-05-19T06:47:57","date_gmt":"2025-05-19T06:47:57","guid":{"rendered":"https:\/\/reif-infra.creare-siteweb.ro\/?page_id=16"},"modified":"2025-08-14T08:41:10","modified_gmt":"2025-08-14T08:41:10","slug":"mentiune-legala","status":"publish","type":"page","link":"https:\/\/reif-infra.ro\/de\/mentiune-legala\/","title":{"rendered":"Impressum"},"content":{"rendered":"<div data-elementor-type=\"wp-page\" data-elementor-id=\"16\" class=\"elementor elementor-16\" data-elementor-post-type=\"page\">\n\t\t\t\t<div class=\"elementor-element elementor-element-66c7c82 e-flex e-con-boxed e-con e-parent\" data-id=\"66c7c82\" data-element_type=\"container\" data-settings=\"{&quot;background_background&quot;:&quot;classic&quot;,&quot;_ob_use_container_extras&quot;:&quot;no&quot;,&quot;_ob_column_hoveranimator&quot;:&quot;no&quot;,&quot;_ob_glider_is_slider&quot;:&quot;no&quot;,&quot;_ob_column_has_pseudo&quot;:&quot;no&quot;}\">\n\t\t\t\t\t<div class=\"e-con-inner\">\n\t\t<div class=\"elementor-element elementor-element-d2bfd73 e-con-full e-flex e-con e-child\" data-id=\"d2bfd73\" data-element_type=\"container\" data-settings=\"{&quot;_ob_use_container_extras&quot;:&quot;no&quot;,&quot;_ob_column_hoveranimator&quot;:&quot;no&quot;,&quot;_ob_glider_is_slider&quot;:&quot;no&quot;,&quot;_ob_column_has_pseudo&quot;:&quot;no&quot;}\">\n\t\t\t\t<div class=\"elementor-element elementor-element-3d69711 ob-harakiri-inherit ob-has-background-overlay elementor-widget elementor-widget-heading\" data-id=\"3d69711\" data-element_type=\"widget\" data-settings=\"{&quot;_ob_use_harakiri&quot;:&quot;yes&quot;,&quot;_ob_harakiri_writing_mode&quot;:&quot;inherit&quot;,&quot;_ob_harakiri_text_clip&quot;:&quot;none&quot;,&quot;_ob_perspektive_use&quot;:&quot;no&quot;,&quot;_ob_poopart_use&quot;:&quot;yes&quot;,&quot;_ob_shadough_use&quot;:&quot;no&quot;,&quot;_ob_allow_hoveranimator&quot;:&quot;no&quot;,&quot;_ob_widget_stalker_use&quot;:&quot;no&quot;}\" data-widget_type=\"heading.default\">\n\t\t\t\t<div class=\"elementor-widget-container\">\n\t\t\t\t\t<h1 class=\"elementor-heading-title elementor-size-default\">Impressum<\/h1>\t\t\t\t<\/div>\n\t\t\t\t<\/div>\n\t\t<div class=\"elementor-element elementor-element-c2954f7 e-con-full e-flex e-con e-child\" data-id=\"c2954f7\" data-element_type=\"container\" data-settings=\"{&quot;_ob_use_container_extras&quot;:&quot;no&quot;,&quot;_ob_column_hoveranimator&quot;:&quot;no&quot;,&quot;_ob_glider_is_slider&quot;:&quot;no&quot;,&quot;_ob_column_has_pseudo&quot;:&quot;no&quot;}\">\n\t\t\t\t<div class=\"elementor-element elementor-element-c053485 elementor-widget__width-initial elementor-widget-mobile__width-inherit ob-harakiri-inherit ob-has-background-overlay elementor-widget elementor-widget-text-editor\" data-id=\"c053485\" data-element_type=\"widget\" data-settings=\"{&quot;_ob_use_harakiri&quot;:&quot;yes&quot;,&quot;_ob_harakiri_writing_mode&quot;:&quot;inherit&quot;,&quot;_ob_postman_use&quot;:&quot;no&quot;,&quot;_ob_perspektive_use&quot;:&quot;no&quot;,&quot;_ob_poopart_use&quot;:&quot;yes&quot;,&quot;_ob_shadough_use&quot;:&quot;no&quot;,&quot;_ob_allow_hoveranimator&quot;:&quot;no&quot;,&quot;_ob_widget_stalker_use&quot;:&quot;no&quot;}\" data-widget_type=\"text-editor.default\">\n\t\t\t\t<div class=\"elementor-widget-container\">\n\t\t\t\t\t\t\t\t\t<p><strong>Herausgeber:<\/strong><br \/>REIF Infra S.R.L.<br \/>Str. Iugoslaviei 64 A<br \/>Ap. 3\u20134, RO \u2013 400423,<br \/>Cluj-Napoca<br \/>Tel: +40 264 406 066<br \/>E-Mail: <strong>office@reif-infra.ro<\/strong><\/p><p>Sitz: Str. Iugoslaviei nr. 64A, Cluj-Napoca, Rum\u00e4nien<br \/>Handelsregister: Cluj-Napoca<br \/>Registernummer: J12\/3093\/2008<br \/>Ust-ID-Nr.: RO 24214656<\/p><p>Stammkapital: 824340 Lei, vollst\u00e4ndig eingezahlt<\/p>\t\t\t\t\t\t\t\t<\/div>\n\t\t\t\t<\/div>\n\t\t\t\t<div class=\"elementor-element elementor-element-4eb8054 elementor-widget__width-initial elementor-widget-mobile__width-inherit ob-harakiri-inherit ob-has-background-overlay elementor-widget elementor-widget-text-editor\" data-id=\"4eb8054\" data-element_type=\"widget\" data-settings=\"{&quot;_ob_use_harakiri&quot;:&quot;yes&quot;,&quot;_ob_harakiri_writing_mode&quot;:&quot;inherit&quot;,&quot;_ob_postman_use&quot;:&quot;no&quot;,&quot;_ob_perspektive_use&quot;:&quot;no&quot;,&quot;_ob_poopart_use&quot;:&quot;yes&quot;,&quot;_ob_shadough_use&quot;:&quot;no&quot;,&quot;_ob_allow_hoveranimator&quot;:&quot;no&quot;,&quot;_ob_widget_stalker_use&quot;:&quot;no&quot;}\" data-widget_type=\"text-editor.default\">\n\t\t\t\t<div class=\"elementor-widget-container\">\n\t\t\t\t\t\t\t\t\t<p><b>Quellenangaben f\u00fcr Bilder und Grafiken:<\/b><\/p><p><b>REIF Infra S.R.L.<\/b><\/p><p>Dieses Impressum gilt auch f\u00fcr unsere Auftritte in den sozialen Netzwerken.<\/p><p>Alle Rechte liegen bei Reif Infra S.R.L. Alle Rechte vorbehalten. Die auf dieser Website verwendeten Texte, Bilder, Grafiken, Dateien usw. unterliegen dem Urheberrecht und anderen Gesetzen zum Schutz geistigen Eigentums. Ihre Weitergabe, Ver\u00e4nderung, gewerbliche Nutzung oder Verwendung auf anderen Websites oder in anderen Medien ist nicht gestattet.<\/p><p>Meldung nach dem Digital Services Act<\/p><p>F\u00fcr Internetseiten Dritter, auf die der Herausgeber durch sog. Links verweist, tragen die jeweiligen Anbieter die Verantwortung. Der Herausgeber ist f\u00fcr den Inhalt dieser Internetseiten Dritter nicht verantwortlich.<\/p><p>Des Weiteren kann die Website des Herausgebers ohne Kenntnis des Herausgebers von anderen Websites mittels sog. Links verkn\u00fcpft sein. Der Herausgeber \u00fcbernimmt f\u00fcr Darstellungen, Inhalt oder irgendeine Verbindung zur Organisationsstruktur des Herausgebers in Websites Dritter keine Verantwortung.<\/p><p>F\u00fcr fremde Inhalte ist der Herausgeber nur dann verantwortlich, wenn er von ihnen (auch von rechtswidrigen bzw. strafbaren Inhalten) tats\u00e4chliche Kenntnis hat und es technisch m\u00f6glich und zumutbar ist, deren Nutzung zu verhindern. Der Herausgeber ist nach dem Digital Services Act jedoch nicht verpflichtet, die fremden Inhalte st\u00e4ndig zu \u00fcberpr\u00fcfen.<\/p>\t\t\t\t\t\t\t\t<\/div>\n\t\t\t\t<\/div>\n\t\t\t\t<\/div>\n\t\t\t\t<\/div>\n\t\t\t\t\t<\/div>\n\t\t\t\t<\/div>\n\t\t\t\t<\/div>","protected":false},"excerpt":{"rendered":"<p>Men\u021biune legal\u0103 Responsabil pentru continut:REIF Infra S.R.L.Str. Iugoslaviei 64 AAp. 3\u20134, RO \u2013 400423,Cluj-NapocaTel: +40 264 406 066E-Mail: office@reif-infra.ro Sediu social: Str. Iugoslaviei nr. 64A, Cluj-Napoca, RomaniaRegistrul Comertului: Cluj-NapocaNum\u0103rul de \u00eenregistrare: J12\/3093\/2008Cod fiscal: RO24214656 Capital social: 824340 Lei, integral v\u0103rsat Men\u021bionarea autorului pentru imagini \u0219i grafice: REIF Infra S.R.L. Aceast\u0103 men\u021biune legal\u0103 (Impressum) este valabil\u0103 [&hellip;]<\/p>","protected":false},"author":1,"featured_media":0,"parent":0,"menu_order":0,"comment_status":"closed","ping_status":"closed","template":"","meta":{"_acf_changed":false,"footnotes":""},"class_list":["post-16","page","type-page","status-publish","hentry"],"acf":[],"_links":{"self":[{"href":"https:\/\/reif-infra.ro\/de\/wp-json\/wp\/v2\/pages\/16","targetHints":{"allow":["GET"]}}],"collection":[{"href":"https:\/\/reif-infra.ro\/de\/wp-json\/wp\/v2\/pages"}],"about":[{"href":"https:\/\/reif-infra.ro\/de\/wp-json\/wp\/v2\/types\/page"}],"author":[{"embeddable":true,"href":"https:\/\/reif-infra.ro\/de\/wp-json\/wp\/v2\/users\/1"}],"replies":[{"embeddable":true,"href":"https:\/\/reif-infra.ro\/de\/wp-json\/wp\/v2\/comments?post=16"}],"version-history":[{"count":34,"href":"https:\/\/reif-infra.ro\/de\/wp-json\/wp\/v2\/pages\/16\/revisions"}],"predecessor-version":[{"id":2375,"href":"https:\/\/reif-infra.ro\/de\/wp-json\/wp\/v2\/pages\/16\/revisions\/2375"}],"wp:attachment":[{"href":"https:\/\/reif-infra.ro\/de\/wp-json\/wp\/v2\/media?parent=16"}],"curies":[{"name":"wp","href":"https:\/\/api.w.org\/{rel}","templated":true}]}}